{"id":91,"date":"2022-09-09T14:44:03","date_gmt":"2022-09-09T14:44:03","guid":{"rendered":"https:\/\/omarapaza.net\/?page_id=91"},"modified":"2022-09-19T15:52:37","modified_gmt":"2022-09-19T15:52:37","slug":"apps-y-herramientas-de-marketing","status":"publish","type":"page","link":"https:\/\/omarapaza.net\/index.php\/apps-y-herramientas-de-marketing\/","title":{"rendered":"Apps y Herramientas de Marketing"},"content":{"rendered":"\t\t<div data-elementor-type=\"wp-page\" data-elementor-id=\"91\" class=\"elementor elementor-91\">\n\t\t\t\t\t\t<section class=\"elementor-section elementor-top-section elementor-element elementor-element-f82279c elementor-section-boxed elementor-section-height-default elementor-section-height-default\" data-id=\"f82279c\" data-element_type=\"section\">\n\t\t\t\t\t\t<div class=\"elementor-container elementor-column-gap-default\">\n\t\t\t\t\t<div class=\"elementor-column elementor-col-100 elementor-top-column elementor-element elementor-element-c7d7d37\" data-id=\"c7d7d37\" data-element_type=\"column\">\n\t\t\t<div class=\"elementor-widget-wrap elementor-element-populated\">\n\t\t\t\t\t\t<div class=\"elementor-element elementor-element-230e8bc elementor-widget elementor-widget-heading\" data-id=\"230e8bc\" data-element_type=\"widget\" data-widget_type=\"heading.default\">\n\t\t\t\t<div class=\"elementor-widget-container\">\n\t\t\t\t\t<h1 class=\"elementor-heading-title elementor-size-default\">Generador de enlace de WhatsApp\ncon mensaje personalizado<\/h1>\t\t\t\t<\/div>\n\t\t\t\t<\/div>\n\t\t\t\t<div class=\"elementor-element elementor-element-b37caba elementor-widget elementor-widget-html\" data-id=\"b37caba\" data-element_type=\"widget\" data-widget_type=\"html.default\">\n\t\t\t\t<div class=\"elementor-widget-container\">\n\t\t\t\t\t<style>\r\n            body {\r\n                font-family: -apple-system, BlinkMacSystemFont, segoe ui, Roboto, helvetica neue, Arial, noto sans,\r\n                    sans-serif, apple color emoji, segoe ui emoji, segoe ui symbol, noto color emoji;\r\n            }\r\n            .wslg-title {\r\n                color: #128c7e;\r\n                font-weight: 500;\r\n                font-size: 38px;\r\n                margin-top: 30px;\r\n            }\r\n            .wslg-container {\r\n                max-width: 900px;\r\n                margin: 0 auto;\r\n            }\r\n            .wslg-d-flex {\r\n                display: flex;\r\n            }\r\n            .wslg-flex-column {\r\n                flex-direction: column;\r\n            }\r\n            .wslg-whatsapp-logo {\r\n                width: 300px;\r\n            }\r\n            .wslg-generator-wrapper {\r\n                padding-right: 100px;\r\n                width: 60%;\r\n                justify-content: center;\r\n                align-items: flex-start;\r\n            }\r\n            .wslg-generator-wrapper form {\r\n                width: 100%;\r\n            }\r\n            .wslg-generator-wrapper form label,\r\n            .wslg-generator-wrapper form input {\r\n                width: 100%;\r\n            }\r\n            .wslg-generator-wrapper form .wslg-form-group {\r\n                margin-bottom: 15px;\r\n            }\r\n            .wslg-generator-wrapper form label {\r\n                margin-bottom: 5px;\r\n                display: block;\r\n                color: #455a64;\r\n                font-weight: 600;\r\n                font-size: 15px;\r\n            }\r\n            .wslg-generator-wrapper form input {\r\n                width: 100%;\r\n                height: 50px;\r\n                padding: 7px;\r\n                border-radius: 3px;\r\n                border: 2px solid #c2d1d1;\r\n                font-size: 18px;\r\n                transition: all ease-in-out 300ms;\r\n                font-family: -apple-system, BlinkMacSystemFont, segoe ui, Roboto, helvetica neue, Arial, noto sans,\r\n                    sans-serif, apple color emoji, segoe ui emoji, segoe ui symbol, noto color emoji;\r\n            }\r\n            .wslg-generator-wrapper form input:focus,\r\n            .wslg-generator-wrapper form input:active {\r\n                outline: 0;\r\n                box-shadow: none;\r\n                border-color: #128c7e;\r\n            }\r\n            .wslg-generator-wrapper form small {\r\n                margin-top: 10px;\r\n                color: #9ea39e;\r\n                display: block;\r\n                font-size: 13px;\r\n            }\r\n            .wslg-generator-wrapper form small a {\r\n                color: #128c7e;\r\n            }\r\n            .wslg-generator-wrapper form .wslg-button {\r\n                width: 100%;\r\n                height: 50px;\r\n                background: #128c7e;\r\n                color: #fff;\r\n                text-align: center;\r\n                border: 0;\r\n                border-radius: 3px;\r\n                font-size: 18px;\r\n                font-weight: 400;\r\n                transition: all ease-in-out 300ms;\r\n            }\r\n            .wslg-generator-wrapper form .wslg-button:focus,\r\n            .wslg-generator-wrapper form .wslg-button:active {\r\n                outline: 0;\r\n                box-shadow: none;\r\n            }\r\n            .wslg-generator-wrapper form .wslg-button:hover {\r\n                background: #095d53;\r\n            }\r\n            .wslg-generator-wrapper form .wslg-link-wrapper {\r\n                display: flex;\r\n                padding: 15px;\r\n                background: #fff;\r\n                box-shadow: 0 0 12px 14px rgba(0, 0, 0, 0.03);\r\n                border-radius: 3px;\r\n            }\r\n            .wslg-generator-wrapper form .wslg-link-wrapper input {\r\n                border-radius: 5px 5px 0 0;\r\n                border-color: #128c7e;\r\n            }\r\n            .wslg-generator-wrapper form .wslg-link-wrapper button {\r\n                border-radius: 0 0 5px 5px;\r\n            }\r\n            .wslg-preview-wrapper {\r\n                width: 40%;\r\n                justify-content: center;\r\n                align-items: center;\r\n            }\r\n            .wslg-device {\r\n                background: #fff;\r\n                border-radius: 10px;\r\n                box-shadow: 0 2.8px 2.2px rgba(0, 0, 0, 0.02), 0 6.7px 5.3px rgba(0, 0, 0, 0.028),\r\n                    0 12.5px 10px rgba(0, 0, 0, 0.035), 0 22.3px 17.9px rgba(0, 0, 0, 0.042),\r\n                    0 41.8px 33.4px rgba(0, 0, 0, 0.05), 0 100px 80px rgba(0, 0, 0, 0.07);\r\n                width: 100%;\r\n                max-width: 300px;\r\n            }\r\n            .wslg-device .wslg-device-header,\r\n            .wslg-device .wslg-device-footer {\r\n                border-radius: 10px 10px 0 0;\r\n                padding: 25px 0;\r\n                display: flex;\r\n                justify-content: center;\r\n                align-content: center;\r\n            }\r\n            .wslg-device .wslg-device-header .wslg-speaker,\r\n            .wslg-device .wslg-device-footer .wslg-speaker {\r\n                height: 8px;\r\n                border: 2px solid rgba(43, 64, 74, 0.13);\r\n                border-radius: 25px;\r\n                width: 100px;\r\n                box-shadow: inset 0 0 6px 3px rgba(0, 0, 0, 0.03);\r\n            }\r\n            .wslg-device .wslg-device-footer {\r\n                padding: 15px 0;\r\n            }\r\n            .wslg-device .wslg-device-footer .wslg-button {\r\n                border: 2px solid rgba(43, 64, 74, 0.13);\r\n                height: 50px;\r\n                width: 50px;\r\n                border-radius: 50%;\r\n                box-shadow: inset 0 0 6px 3px rgba(0, 0, 0, 0.03);\r\n            }\r\n            .wslg-device .wslg-device-body {\r\n                padding: 0 20px;\r\n                height: auto;\r\n                min-height: 400px;\r\n                width: 100%;\r\n                display: flex;\r\n                box-sizing: border-box;\r\n            }\r\n            .wslg-device .wslg-device-body .wslg-screen {\r\n                background: url(\"https:\/\/vilmanunez.com\/wp-content\/plugins\/wsap-link\/images\/wslg-chat-bg.png\");\r\n                max-width: 100%;\r\n                width: 100%;\r\n                height: auto;\r\n                display: flex;\r\n                flex-direction: column;\r\n                box-sizing: border-box;\r\n                box-shadow: inset 0 0 1px 2px rgba(0, 0, 0, 0.02);\r\n            }\r\n            .wslg-device .wslg-device-body .wslg-screen .wslg-screen-header {\r\n                width: 100%;\r\n                height: auto;\r\n                display: flex;\r\n                flex-direction: column;\r\n            }\r\n            .wslg-device .wslg-device-body .wslg-screen .wslg-screen-header .wslg-screen-header-topbar {\r\n                height: 26px;\r\n                width: 100%;\r\n                background: #054c44;\r\n            }\r\n            .wslg-device .wslg-device-body .wslg-screen .wslg-screen-header .wslg-screen-header-statusbar {\r\n                background: #075e55;\r\n                height: 61px;\r\n                width: 100%;\r\n            }\r\n            .wslg-device .wslg-device-body .wslg-screen .wslg-screen-header .wslg-chat-header-bar {\r\n                width: 100%;\r\n                height: auto;\r\n            }\r\n            .wslg-device .wslg-device-body .wslg-screen .wslg-screen-body {\r\n                display: flex;\r\n                align-items: flex-end;\r\n                height: 100%;\r\n                padding: 15px;\r\n            }\r\n            .wslg-device .wslg-device-body .wslg-screen .wslg-screen-body .wslg-screen-body-message {\r\n                display: flex;\r\n                align-items: flex-end;\r\n                flex-grow: 1;\r\n                padding-right: 15px;\r\n                max-width: 280px;\r\n            }\r\n            .wslg-device\r\n                .wslg-device-body\r\n                .wslg-screen\r\n                .wslg-screen-body\r\n                .wslg-screen-body-message\r\n                .wslg-screen-body-message--bubble {\r\n                background: #fff;\r\n                border-radius: 20px;\r\n                padding: 15px;\r\n                box-shadow: 0 0 2px 2px rgba(0, 0, 0, 0.04);\r\n                width: 100%;\r\n                height: auto;\r\n                display: flex;\r\n                flex-direction: column;\r\n                justify-content: flex-end;\r\n            }\r\n            .wslg-device\r\n                .wslg-device-body\r\n                .wslg-screen\r\n                .wslg-screen-body\r\n                .wslg-screen-body-message\r\n                .wslg-screen-body-message--bubble\r\n                .wslg-text {\r\n                font-size: 16px;\r\n                line-height: 19px;\r\n                word-break: break-word;\r\n            }\r\n            .wslg-device\r\n                .wslg-device-body\r\n                .wslg-screen\r\n                .wslg-screen-body\r\n                .wslg-screen-body-message\r\n                .wslg-screen-body-message--bubble\r\n                .wslg-icons-wrapper {\r\n                display: flex;\r\n                justify-content: space-between;\r\n                align-items: flex-end;\r\n                margin-top: 5px;\r\n                padding: 0;\r\n            }\r\n            .wslg-device\r\n                .wslg-device-body\r\n                .wslg-screen\r\n                .wslg-screen-body\r\n                .wslg-screen-body-message\r\n                .wslg-screen-body-message--bubble\r\n                .wslg-icons-wrapper\r\n                img {\r\n                display: block;\r\n            }\r\n            .wslg-device\r\n                .wslg-device-body\r\n                .wslg-screen\r\n                .wslg-screen-body\r\n                .wslg-screen-body-message\r\n                .wslg-screen-body-message--bubble\r\n                .wslg-icons-wrapper\r\n                img:first-child {\r\n                height: 20px;\r\n            }\r\n            .wslg-device .wslg-device-body .wslg-screen .wslg-screen-body .wslg-screen-body-send {\r\n                display: flex;\r\n                align-items: flex-end;\r\n                height: 100%;\r\n                justify-content: flex-end;\r\n            }\r\n            @media all and (max-width: 667px) {\r\n                .wslg-container {\r\n                    flex-direction: column;\r\n                }\r\n                .wslg-container .wslg-generator-wrapper {\r\n                    padding-right: 0;\r\n                    width: 100%;\r\n                    justify-content: center;\r\n                    align-items: flex-start;\r\n                }\r\n                .wslg-container .wslg-generator-wrapper .wslg-title {\r\n                    font-size: 28px;\r\n                }\r\n                .wslg-container .wslg-preview-wrapper {\r\n                    width: 100%;\r\n                    margin-top: 50px;\r\n                }\r\n            }\r\n        <\/style>\r\n        <div class=\"bodyWhataspp\">\r\n            <div class=\"wslg-container ws-link wslg-d-flex row\">\r\n                <div class=\"wslg-generator-wrapper wslg-col wslg-d-flex wslg-flex-column\">\r\n                    <img decoding=\"async\"\r\n                        class=\"wslg-whatsapp-logo\"\r\n                        src=\"https:\/\/vilmanunez.com\/wp-content\/plugins\/wsap-link\/\/images\/whatsapp-link-logo--full.svg\"\r\n                        alt=\"Logo de WhatsApp\"\r\n                    \/>\r\n                    <br \/>\r\n                    <form>\r\n                        <div class=\"wslg-form-group\">\r\n                            <label>Tu n\u00famero de tel\u00e9fono<\/label>\r\n                            <input type=\"number\" id=\"ws-number\" placeholder=\"Ej. +1 743 2331 2342\" \/><small\r\n                                >No olvides agregar el c\u00f3digo del pa\u00eds al n\u00famero de tel\u00e9fono.\r\n                                <a href=\"#ayuda\">M\u00e1s detalles <\/a><\/small\r\n                            >\r\n                        <\/div>\r\n                        <div class=\"wslg-form-group\">\r\n                            <label>Texto del mensaje<\/label>\r\n                            <input type=\"text\" id=\"ws-text\" placeholder=\"Quiero m\u00e1s informaci\u00f3n\" \/>\r\n                        <\/div>\r\n                        <div id=\"error\"><\/div>\r\n                        <div class=\"wslg-form-group\">\r\n                            <button class=\"wslg-button\" id=\"ws-generateButton\">Generar enlace<\/button>\r\n                        <\/div>\r\n                        <div class=\"wslg-form-group wslg-link-wrapper\" id=\"ws-copyLinkDiv\" style=\"display: none\">\r\n                            <div class=\"wslg-text-success\">Aqu\u00ed est\u00e1 tu enlace<\/div>\r\n                            <input type=\"text\" id=\"ws-link\" value=\"https:\/\/api.whatsaap.com\/\" \/>\r\n                            <button class=\"wslg-button copy\" id=\"ws-copyLink\">Copiar enlace<\/button>\r\n                        <\/div>\r\n                    <\/form>\r\n                <\/div>\r\n                <div class=\"wslg-preview-wrapper wslg-col wslg-d-flex wslg-flex-column\">\r\n                    <div class=\"wslg-device\">\r\n                        <div class=\"wslg-device-header\">\r\n                            <div class=\"wslg-speaker\"><\/div>\r\n                        <\/div>\r\n                        <div class=\"wslg-device-body\">\r\n                            <div class=\"wslg-screen\">\r\n                                <div class=\"wslg-screen-header\">\r\n                                    <img decoding=\"async\"\r\n                                        class=\"wslg-chat-header-bar\"\r\n                                        src=\"https:\/\/vilmanunez.com\/wp-content\/plugins\/wsap-link\/images\/wslg-chat-header.png\"\r\n                                        alt=\"\"\r\n                                    \/>\r\n                                <\/div>\r\n                                <div class=\"wslg-screen-body\">\r\n                                    <div class=\"wslg-screen-body-message\">\r\n                                        <div class=\"wslg-screen-body-message--bubble\">\r\n                                            <div class=\"wslg-text\">Aqu\u00ed aparecer\u00e1 tu texto personalizado<\/div>\r\n                                            <div class=\"wslg-icons-wrapper\">\r\n                                                <img decoding=\"async\"\r\n                                                    src=\"https:\/\/vilmanunez.com\/wp-content\/plugins\/wsap-link\/images\/wslg-chat-emoji.png\"\r\n                                                    alt=\"\"\r\n                                                \/><img decoding=\"async\"\r\n                                                    src=\"https:\/\/vilmanunez.com\/wp-content\/plugins\/highlight\/images\/wslg-chat-clip.png\"\r\n                                                    alt=\"\"\r\n                                                \/>\r\n                                            <\/div>\r\n                                        <\/div>\r\n                                    <\/div>\r\n                                    <div class=\"wslg-screen-body-send\">\r\n                                        <img decoding=\"async\"\r\n                                            src=\"https:\/\/vilmanunez.com\/wp-content\/plugins\/wsap-link\/images\/wslg-chat-send.png\"\r\n                                            alt=\"\"\r\n                                        \/>\r\n                                    <\/div>\r\n                                <\/div>\r\n                            <\/div>\r\n                        <\/div>\r\n                        <div class=\"wslg-device-footer\">\r\n                            <div class=\"wslg-button\"><\/div>\r\n                        <\/div>\r\n                    <\/div>\r\n                <\/div>\r\n            <\/div>\r\n        <\/div>\r\n\r\n        <script>\r\n            jQuery(document).ready(function ($) {\r\n                let number, message;\r\n                $(\"#ws-number\").on(\"change\", function () {\r\n                    number = $(this).val();\r\n                });\r\n                $(\"#ws-text\").on(\"keyup\", function () {\r\n                    let messageText = $(this).val();\r\n                    message = messageText;\r\n                    $(\".wslg-text\").text(messageText);\r\n                });\r\n                let elementoCopiar = document.getElementById(\"ws-copyLinkDiv\");\r\n                let elementoError = document.getElementById(\"error\");\r\n                $(\"#ws-generateButton\").on(\"click\", function (e) {\r\n                    e.preventDefault();\r\n                    let mensajeLink = encodeURI(message);\r\n                    let html = `https:\/\/api.whatsapp.com\/send?phone=+${number}&text=${mensajeLink}`;\r\n                    console.log(mensajeLink);\r\n                    console.log(message);\r\n                    if (number === undefined || message === undefined) {\r\n                        elementoError.textContent = \"Todos los campos deben estar llenos\";\r\n                        setTimeout(() => {\r\n                            elementoError.textContent = \"\";\r\n                        }, 2000);\r\n                    } else {\r\n                        $(this).text(\"Actualizar enlace\");\r\n                        $(\"#ws-link\").val(html);\r\n                        elementoCopiar.style.display = \"block\";\r\n                        $(\"#ws-copyLink\").text(\"Copiar enlace\");\r\n                    }\r\n                });\r\n                $(\"#ws-copyLink\").on(\"click\", function (e) {\r\n                    e.preventDefault();\r\n                    var $temp = $(\"<textarea>\");\r\n                    $(\"body\").append($temp);\r\n                    $temp.val($(\"#ws-link\").val()).select();\r\n                    document.execCommand(\"copy\");\r\n                    $temp.remove();\r\n                    $(this).text(\"Enlace copiado\");\r\n                });\r\n            });\r\n        <\/script>\t\t\t\t<\/div>\n\t\t\t\t<\/div>\n\t\t\t\t\t<\/div>\n\t\t<\/div>\n\t\t\t\t\t<\/div>\n\t\t<\/section>\n\t\t\t\t<section class=\"elementor-section elementor-top-section elementor-element elementor-element-8763d5e elementor-section-boxed elementor-section-height-default elementor-section-height-default\" data-id=\"8763d5e\" data-element_type=\"section\" id=\"ayuda\">\n\t\t\t\t\t\t<div class=\"elementor-container elementor-column-gap-default\">\n\t\t\t\t\t<div class=\"elementor-column elementor-col-100 elementor-top-column elementor-element elementor-element-d41dc33\" data-id=\"d41dc33\" data-element_type=\"column\">\n\t\t\t<div class=\"elementor-widget-wrap elementor-element-populated\">\n\t\t\t\t\t\t<div class=\"elementor-element elementor-element-f23741f elementor-widget elementor-widget-text-editor\" data-id=\"f23741f\" data-element_type=\"widget\" data-widget_type=\"text-editor.default\">\n\t\t\t\t<div class=\"elementor-widget-container\">\n\t\t\t\t\t\t\t\t\t<div class=\"elementor-element elementor-element-cbc5e7b elementor-widget elementor-widget-text-editor\" data-id=\"cbc5e7b\" data-element_type=\"widget\" data-widget_type=\"text-editor.default\"><div class=\"elementor-widget-container\"><div class=\"elementor-text-editor elementor-clearfix\"><p>Si quieres llevar tr\u00e1fico de tus redes sociales o p\u00e1gina web directamente a WhatsApp este generador te ayudar\u00e1.\u00a0<\/p><p>A trav\u00e9s del mismo tendr\u00e1s el enlace que necesitas poner en tus medios digitales para que tus usuarios autom\u00e1ticamente inicien una conversaci\u00f3n contigo.<\/p><\/div><\/div><\/div>\t\t\t\t\t\t\t\t<\/div>\n\t\t\t\t<\/div>\n\t\t\t\t<div class=\"elementor-element elementor-element-e1f567f elementor-widget elementor-widget-heading\" data-id=\"e1f567f\" data-element_type=\"widget\" data-widget_type=\"heading.default\">\n\t\t\t\t<div class=\"elementor-widget-container\">\n\t\t\t\t\t<h2 class=\"elementor-heading-title elementor-size-default\">\u00bfC\u00f3mo usar este generador?<\/h2>\t\t\t\t<\/div>\n\t\t\t\t<\/div>\n\t\t\t\t<div class=\"elementor-element elementor-element-3e12662 elementor-position-left elementor-vertical-align-middle elementor-view-default elementor-mobile-position-top elementor-widget elementor-widget-icon-box\" data-id=\"3e12662\" data-element_type=\"widget\" data-widget_type=\"icon-box.default\">\n\t\t\t\t<div class=\"elementor-widget-container\">\n\t\t\t\t\t\t\t<div class=\"elementor-icon-box-wrapper\">\n\n\t\t\t\t\t\t<div class=\"elementor-icon-box-icon\">\n\t\t\t\t<span  class=\"elementor-icon\">\n\t\t\t\t<i aria-hidden=\"true\" class=\"icon icon-smartphone\"><\/i>\t\t\t\t<\/span>\n\t\t\t<\/div>\n\t\t\t\n\t\t\t\t\t\t<div class=\"elementor-icon-box-content\">\n\n\t\t\t\t\t\t\t\t\t<h3 class=\"elementor-icon-box-title\">\n\t\t\t\t\t\t<span  >\n\t\t\t\t\t\t\tTel\u00e9fono\t\t\t\t\t\t<\/span>\n\t\t\t\t\t<\/h3>\n\t\t\t\t\n\t\t\t\t\t\t\t\t\t<p class=\"elementor-icon-box-description\">\n\t\t\t\t\t\tDonde dice el tel\u00e9fono deber\u00e1s poner el c\u00f3digo de tu pa\u00eds. Si el tel\u00e9fono es de Bolivia tendr\u00edas que poner antes 591. Para ver el c\u00f3digo de tu pa\u00eds <a href=\"https:\/\/es.wikipedia.org\/wiki\/Anexo:Prefijos_telef%C3%B3nicos_mundiales\" target=\"_blank\" rel=\"noopener\">visita esta p\u00e1gina<\/a>. El resultado ser\u00eda 591 xxx xx xxx\t\t\t\t\t<\/p>\n\t\t\t\t\n\t\t\t<\/div>\n\t\t\t\n\t\t<\/div>\n\t\t\t\t\t\t<\/div>\n\t\t\t\t<\/div>\n\t\t\t\t<div class=\"elementor-element elementor-element-43e4640 elementor-position-left elementor-vertical-align-middle elementor-view-default elementor-mobile-position-top elementor-widget elementor-widget-icon-box\" data-id=\"43e4640\" data-element_type=\"widget\" data-widget_type=\"icon-box.default\">\n\t\t\t\t<div class=\"elementor-widget-container\">\n\t\t\t\t\t\t\t<div class=\"elementor-icon-box-wrapper\">\n\n\t\t\t\t\t\t<div class=\"elementor-icon-box-icon\">\n\t\t\t\t<span  class=\"elementor-icon\">\n\t\t\t\t<i aria-hidden=\"true\" class=\"fas fa-pencil-alt\"><\/i>\t\t\t\t<\/span>\n\t\t\t<\/div>\n\t\t\t\n\t\t\t\t\t\t<div class=\"elementor-icon-box-content\">\n\n\t\t\t\t\t\t\t\t\t<h3 class=\"elementor-icon-box-title\">\n\t\t\t\t\t\t<span  >\n\t\t\t\t\t\t\tTexto personalizado\t\t\t\t\t\t<\/span>\n\t\t\t\t\t<\/h3>\n\t\t\t\t\n\t\t\t\t\t\t\t\t\t<p class=\"elementor-icon-box-description\">\n\t\t\t\t\t\tEscribe el texto que aparecer\u00e1 en el mensaje una vez que el usuario haga click en el enlace. \t\t\t\t\t<\/p>\n\t\t\t\t\n\t\t\t<\/div>\n\t\t\t\n\t\t<\/div>\n\t\t\t\t\t\t<\/div>\n\t\t\t\t<\/div>\n\t\t\t\t\t<\/div>\n\t\t<\/div>\n\t\t\t\t\t<\/div>\n\t\t<\/section>\n\t\t\t\t<\/div>\n\t\t","protected":false},"excerpt":{"rendered":"<p>Generador de enlace de WhatsApp con mensaje personalizado Tu n\u00famero de tel\u00e9fono No olvides agregar el c\u00f3digo del pa\u00eds al n\u00famero de tel\u00e9fono. M\u00e1s detalles Texto del mensaje Generar enlace Aqu\u00ed est\u00e1 tu enlace Copiar enlace Aqu\u00ed aparecer\u00e1 tu texto personalizado Si quieres llevar tr\u00e1fico de tus redes sociales o p\u00e1gina web directamente a WhatsApp [&hellip;]<\/p>\n","protected":false},"author":1,"featured_media":0,"parent":0,"menu_order":0,"comment_status":"closed","ping_status":"closed","template":"elementor_header_footer","meta":{"_eb_attr":"","footnotes":""},"_links":{"self":[{"href":"https:\/\/omarapaza.net\/index.php\/wp-json\/wp\/v2\/pages\/91"}],"collection":[{"href":"https:\/\/omarapaza.net\/index.php\/wp-json\/wp\/v2\/pages"}],"about":[{"href":"https:\/\/omarapaza.net\/index.php\/wp-json\/wp\/v2\/types\/page"}],"author":[{"embeddable":true,"href":"https:\/\/omarapaza.net\/index.php\/wp-json\/wp\/v2\/users\/1"}],"replies":[{"embeddable":true,"href":"https:\/\/omarapaza.net\/index.php\/wp-json\/wp\/v2\/comments?post=91"}],"version-history":[{"count":31,"href":"https:\/\/omarapaza.net\/index.php\/wp-json\/wp\/v2\/pages\/91\/revisions"}],"predecessor-version":[{"id":332,"href":"https:\/\/omarapaza.net\/index.php\/wp-json\/wp\/v2\/pages\/91\/revisions\/332"}],"wp:attachment":[{"href":"https:\/\/omarapaza.net\/index.php\/wp-json\/wp\/v2\/media?parent=91"}],"curies":[{"name":"wp","href":"https:\/\/api.w.org\/{rel}","templated":true}]}}