{"id":83,"date":"2022-09-09T14:42:39","date_gmt":"2022-09-09T14:42:39","guid":{"rendered":"https:\/\/omarapaza.net\/?page_id=83"},"modified":"2022-09-13T15:22:51","modified_gmt":"2022-09-13T15:22:51","slug":"blog","status":"publish","type":"page","link":"https:\/\/omarapaza.net\/index.php\/blog\/","title":{"rendered":"Blog"},"content":{"rendered":"\t\t<div data-elementor-type=\"wp-page\" data-elementor-id=\"83\" class=\"elementor elementor-83\">\n\t\t\t\t\t\t<section class=\"elementor-section elementor-top-section elementor-element elementor-element-4edd90f elementor-section-height-min-height elementor-section-boxed elementor-section-height-default elementor-section-items-middle\" data-id=\"4edd90f\" data-element_type=\"section\">\n\t\t\t\t\t\t<div class=\"elementor-container elementor-column-gap-default\">\n\t\t\t\t\t<div class=\"elementor-column elementor-col-50 elementor-top-column elementor-element elementor-element-67722df\" data-id=\"67722df\" data-element_type=\"column\">\n\t\t\t<div class=\"elementor-widget-wrap elementor-element-populated\">\n\t\t\t\t\t\t<div class=\"elementor-element elementor-element-aff25a3 elementor-widget elementor-widget-heading\" data-id=\"aff25a3\" data-element_type=\"widget\" data-widget_type=\"heading.default\">\n\t\t\t\t<div class=\"elementor-widget-container\">\n\t\t\t\t\t<h1 class=\"elementor-heading-title elementor-size-default\">Aprende con un <span>blog de marketing<\/span> completo<\/h1>\t\t\t\t<\/div>\n\t\t\t\t<\/div>\n\t\t\t\t<div class=\"elementor-element elementor-element-57ca4ef elementor-widget elementor-widget-text-editor\" data-id=\"57ca4ef\" data-element_type=\"widget\" data-widget_type=\"text-editor.default\">\n\t\t\t\t<div class=\"elementor-widget-container\">\n\t\t\t\t\t\t\t\t\t<div class=\"elementor-element elementor-element-5b3b05e elementor-widget elementor-widget-text-editor\" data-id=\"5b3b05e\" data-element_type=\"widget\" data-widget_type=\"text-editor.default\"><div class=\"elementor-widget-container\"><div class=\"elementor-text-editor elementor-clearfix\"><p>Miles de profesionales como t\u00fa vienen aqu\u00ed cada d\u00eda en busca de los recursos gratis y premium jam\u00e1s vistos hasta ahora en un blog de e-mail marketing, automatizaci\u00f3n, social media y publicidad online.<br \/>Porque comparto todo lo que s\u00e9, de la A a la Z. No me dejo ning\u00fan as en la manga.<\/p><p>De hecho, ser\u00eda abrumador calcular las horas que he dedicado a preparar todos los contenidos que vas a encontrar aqu\u00ed debajo, pero hoy me siento orgullosa de darte acceso a la mayor librer\u00eda de plantillas de marketing digital en lengua hispana. Las mismas que utiliza a diario mi equipo.<\/p><\/div><\/div><\/div>\t\t\t\t\t\t\t\t<\/div>\n\t\t\t\t<\/div>\n\t\t\t\t\t<\/div>\n\t\t<\/div>\n\t\t\t\t<div class=\"elementor-column elementor-col-50 elementor-top-column elementor-element elementor-element-4c18f95\" data-id=\"4c18f95\" data-element_type=\"column\">\n\t\t\t<div class=\"elementor-widget-wrap\">\n\t\t\t\t\t\t\t<\/div>\n\t\t<\/div>\n\t\t\t\t\t<\/div>\n\t\t<\/section>\n\t\t\t\t<section class=\"elementor-section elementor-top-section elementor-element elementor-element-7de3e92 elementor-section-boxed elementor-section-height-default elementor-section-height-default\" data-id=\"7de3e92\" data-element_type=\"section\">\n\t\t\t\t\t\t<div class=\"elementor-container elementor-column-gap-default\">\n\t\t\t\t\t<div class=\"elementor-column elementor-col-100 elementor-top-column elementor-element elementor-element-7133f39\" data-id=\"7133f39\" data-element_type=\"column\">\n\t\t\t<div class=\"elementor-widget-wrap elementor-element-populated\">\n\t\t\t\t\t\t<div class=\"elementor-element elementor-element-02e2b10 elementor-grid-eael-col-3 elementor-grid-tablet-eael-col-2 elementor-grid-mobile-eael-col-1 elementor-widget elementor-widget-eael-post-grid\" data-id=\"02e2b10\" data-element_type=\"widget\" data-settings=\"{&quot;eael_post_grid_columns&quot;:&quot;eael-col-3&quot;,&quot;eael_post_grid_columns_tablet&quot;:&quot;eael-col-2&quot;,&quot;eael_post_grid_columns_mobile&quot;:&quot;eael-col-1&quot;}\" data-widget_type=\"eael-post-grid.default\">\n\t\t\t\t<div class=\"elementor-widget-container\">\n\t\t\t\t\t<div id=\"eael-post-grid-02e2b10\" class=\"eael-post-grid-container\">\n            <div class=\"eael-post-grid eael-post-appender eael-post-appender-02e2b10 eael-post-grid-style-three\" data-layout-mode=\"masonry\"><article class=\"eael-grid-post  eael-post-grid-column eael-pg-post-563 category-uncategorized\" data-id=\"563\">\n        <div class=\"eael-grid-post-holder\">\n            <div class=\"eael-grid-post-holder-inner\"><div class=\"eael-entry-wrapper\"><header class=\"eael-entry-header\"><h2 class=\"eael-entry-title\"><a class=\"eael-grid-post-link\" href=\"https:\/\/omarapaza.net\/index.php\/2023\/12\/30\/video-poet\/\" title=\"Elementor #563\">Elementor #563<\/a><\/h2><\/header><div class=\"eael-entry-meta\"><span class=\"eael-posted-by\"><a href=\"https:\/\/omarapaza.net\/author\/omarapaza\/\" title=\"Posts by omarapaza\" rel=\"author\">omarapaza<\/a><\/span><span class=\"eael-posted-on\"><time datetime=\"December 30, 2023\">December 30, 2023<\/time><\/span><\/div><div class=\"eael-entry-content\">\n                        <div class=\"eael-grid-post-excerpt\"><p>VideoPoet: La Revolucionaria IA Generativa de V\u00eddeos de Google Google,...<\/p><\/div>\n                    <\/div><\/div><\/div>\n        <\/div>\n    <\/article><article class=\"eael-grid-post  eael-post-grid-column eael-pg-post-515 category-uncategorized\" data-id=\"515\">\n        <div class=\"eael-grid-post-holder\">\n            <div class=\"eael-grid-post-holder-inner\"><div class=\"eael-entry-media\"><div class=\"eael-entry-overlay fade-in\"><i class=\"fas fa-long-arrow-alt-right\" aria-hidden=\"true\"><\/i><a href=\"https:\/\/omarapaza.net\/index.php\/2023\/05\/08\/caso-banco-fassil\/\"><\/a><\/div><div class=\"eael-entry-thumbnail \">\n                 <img fetchpriority=\"high\" decoding=\"async\" width=\"300\" height=\"181\" src=\"https:\/\/omarapaza.net\/wp-content\/uploads\/2023\/05\/Agencia-San-Julian.-Km-155-carretera-al-Beni.-Importante-municipio-con-a-300x181.jpg\" class=\"attachment-medium size-medium wp-image-523\" alt=\"\" srcset=\"https:\/\/omarapaza.net\/wp-content\/uploads\/2023\/05\/Agencia-San-Julian.-Km-155-carretera-al-Beni.-Importante-municipio-con-a-300x181.jpg 300w, https:\/\/omarapaza.net\/wp-content\/uploads\/2023\/05\/Agencia-San-Julian.-Km-155-carretera-al-Beni.-Importante-municipio-con-a-1024x616.jpg 1024w, https:\/\/omarapaza.net\/wp-content\/uploads\/2023\/05\/Agencia-San-Julian.-Km-155-carretera-al-Beni.-Importante-municipio-con-a-768x462.jpg 768w, https:\/\/omarapaza.net\/wp-content\/uploads\/2023\/05\/Agencia-San-Julian.-Km-155-carretera-al-Beni.-Importante-municipio-con-a.jpg 1306w\" sizes=\"(max-width: 300px) 100vw, 300px\" \/>\n             <\/div>\n        <\/div><div class=\"eael-entry-wrapper\"><header class=\"eael-entry-header\"><h2 class=\"eael-entry-title\"><a class=\"eael-grid-post-link\" href=\"https:\/\/omarapaza.net\/index.php\/2023\/05\/08\/caso-banco-fassil\/\" title=\"Caso Banco Fassil\">Caso Banco Fassil<\/a><\/h2><\/header><div class=\"eael-entry-meta\"><span class=\"eael-posted-by\"><a href=\"https:\/\/omarapaza.net\/author\/omarapaza\/\" title=\"Posts by omarapaza\" rel=\"author\">omarapaza<\/a><\/span><span class=\"eael-posted-on\"><time datetime=\"May 8, 2023\">May 8, 2023<\/time><\/span><\/div><div class=\"eael-entry-content\">\n                        <div class=\"eael-grid-post-excerpt\"><p>Irregularidades en Banco Fassil Banco Fassil de Bolivia en la...<\/p><\/div>\n                    <\/div><\/div><\/div>\n        <\/div>\n    <\/article><article class=\"eael-grid-post  eael-post-grid-column eael-pg-post-457 category-uncategorized\" data-id=\"457\">\n        <div class=\"eael-grid-post-holder\">\n            <div class=\"eael-grid-post-holder-inner\"><div class=\"eael-entry-media\"><div class=\"eael-entry-overlay fade-in\"><i class=\"fas fa-long-arrow-alt-right\" aria-hidden=\"true\"><\/i><a href=\"https:\/\/omarapaza.net\/index.php\/2022\/11\/22\/netflix\/\"><\/a><\/div><div class=\"eael-entry-thumbnail \">\n                 <img decoding=\"async\" width=\"300\" height=\"249\" src=\"https:\/\/omarapaza.net\/wp-content\/uploads\/2022\/11\/network-connection-graphic-overlay-banner-on-wall-2-300x249.jpg\" class=\"attachment-medium size-medium wp-image-425\" alt=\"\" srcset=\"https:\/\/omarapaza.net\/wp-content\/uploads\/2022\/11\/network-connection-graphic-overlay-banner-on-wall-2-300x249.jpg 300w, https:\/\/omarapaza.net\/wp-content\/uploads\/2022\/11\/network-connection-graphic-overlay-banner-on-wall-2-1024x850.jpg 1024w, https:\/\/omarapaza.net\/wp-content\/uploads\/2022\/11\/network-connection-graphic-overlay-banner-on-wall-2-768x637.jpg 768w, https:\/\/omarapaza.net\/wp-content\/uploads\/2022\/11\/network-connection-graphic-overlay-banner-on-wall-2-1536x1275.jpg 1536w, https:\/\/omarapaza.net\/wp-content\/uploads\/2022\/11\/network-connection-graphic-overlay-banner-on-wall-2-2048x1699.jpg 2048w\" sizes=\"(max-width: 300px) 100vw, 300px\" \/>\n             <\/div>\n        <\/div><div class=\"eael-entry-wrapper\"><header class=\"eael-entry-header\"><h2 class=\"eael-entry-title\"><a class=\"eael-grid-post-link\" href=\"https:\/\/omarapaza.net\/index.php\/2022\/11\/22\/netflix\/\" title=\"Netflix\">Netflix<\/a><\/h2><\/header><div class=\"eael-entry-meta\"><span class=\"eael-posted-by\"><a href=\"https:\/\/omarapaza.net\/author\/omarapaza\/\" title=\"Posts by omarapaza\" rel=\"author\">omarapaza<\/a><\/span><span class=\"eael-posted-on\"><time datetime=\"November 22, 2022\">November 22, 2022<\/time><\/span><\/div><div class=\"eael-entry-content\">\n                        <div class=\"eael-grid-post-excerpt\"><p>Plan de clase.<\/p><\/div>\n                    <\/div><\/div><\/div>\n        <\/div>\n    <\/article><article class=\"eael-grid-post  eael-post-grid-column eael-pg-post-1 category-uncategorized\" data-id=\"1\">\n        <div class=\"eael-grid-post-holder\">\n            <div class=\"eael-grid-post-holder-inner\"><div class=\"eael-entry-wrapper\"><header class=\"eael-entry-header\"><h2 class=\"eael-entry-title\"><a class=\"eael-grid-post-link\" href=\"https:\/\/omarapaza.net\/index.php\/2022\/09\/07\/hello-world\/\" title=\"Hello world!\">Hello world!<\/a><\/h2><\/header><div class=\"eael-entry-meta\"><span class=\"eael-posted-by\"><a href=\"https:\/\/omarapaza.net\/author\/omarapaza\/\" title=\"Posts by omarapaza\" rel=\"author\">omarapaza<\/a><\/span><span class=\"eael-posted-on\"><time datetime=\"September 7, 2022\">September 7, 2022<\/time><\/span><\/div><div class=\"eael-entry-content\">\n                        <div class=\"eael-grid-post-excerpt\"><p>Welcome to WordPress. This is your first post. Edit or...<\/p><\/div>\n                    <\/div><\/div><\/div>\n        <\/div>\n    <\/article><\/div>\n            <div class=\"clearfix\"><\/div>\n        <\/div>\t\t\t\t<\/div>\n\t\t\t\t<\/div>\n\t\t\t\t\t<\/div>\n\t\t<\/div>\n\t\t\t\t\t<\/div>\n\t\t<\/section>\n\t\t\t\t<\/div>\n\t\t","protected":false},"excerpt":{"rendered":"<p>Aprende con un blog de marketing completo Miles de profesionales como t\u00fa vienen aqu\u00ed cada d\u00eda en busca de los recursos gratis y premium jam\u00e1s vistos hasta ahora en un blog de e-mail marketing, automatizaci\u00f3n, social media y publicidad online.Porque comparto todo lo que s\u00e9, de la A a la Z. No me dejo ning\u00fan [&hellip;]<\/p>\n","protected":false},"author":1,"featured_media":0,"parent":0,"menu_order":0,"comment_status":"closed","ping_status":"closed","template":"elementor_header_footer","meta":{"_eb_attr":"","footnotes":""},"_links":{"self":[{"href":"https:\/\/omarapaza.net\/index.php\/wp-json\/wp\/v2\/pages\/83"}],"collection":[{"href":"https:\/\/omarapaza.net\/index.php\/wp-json\/wp\/v2\/pages"}],"about":[{"href":"https:\/\/omarapaza.net\/index.php\/wp-json\/wp\/v2\/types\/page"}],"author":[{"embeddable":true,"href":"https:\/\/omarapaza.net\/index.php\/wp-json\/wp\/v2\/users\/1"}],"replies":[{"embeddable":true,"href":"https:\/\/omarapaza.net\/index.php\/wp-json\/wp\/v2\/comments?post=83"}],"version-history":[{"count":4,"href":"https:\/\/omarapaza.net\/index.php\/wp-json\/wp\/v2\/pages\/83\/revisions"}],"predecessor-version":[{"id":220,"href":"https:\/\/omarapaza.net\/index.php\/wp-json\/wp\/v2\/pages\/83\/revisions\/220"}],"wp:attachment":[{"href":"https:\/\/omarapaza.net\/index.php\/wp-json\/wp\/v2\/media?parent=83"}],"curies":[{"name":"wp","href":"https:\/\/api.w.org\/{rel}","templated":true}]}}